{"id":40,"date":"2017-08-27T19:26:07","date_gmt":"2017-08-27T18:26:07","guid":{"rendered":"http:\/\/heroink.pl\/in\/?page_id=40"},"modified":"2017-08-27T19:26:07","modified_gmt":"2017-08-27T18:26:07","slug":"galeria","status":"publish","type":"page","link":"http:\/\/heroink.pl\/in\/galeria\/","title":{"rendered":"Galeria"},"content":{"rendered":"<p>Zanim zrelaksujecie si\u0119 na naszej wygodnej kanapie, zdj\u0119cia naszych prac, mo\u017cecie zobaczy\u0107 na naszych fanpage&#8217;ach \ud83d\ude42<\/p>\n","protected":false},"excerpt":{"rendered":"<p>Zanim zrelaksujecie si\u0119 na naszej wygodnej kanapie, zdj\u0119cia naszych prac, mo\u017cecie zobaczy\u0107 na naszych fanpage&#8217;ach \ud83d\ude42<\/p>\n","protected":false},"author":1,"featured_media":36,"parent":0,"menu_order":0,"comment_status":"closed","ping_status":"closed","template":"","meta":{"footnotes":""},"_links":{"self":[{"href":"http:\/\/heroink.pl\/in\/wp-json\/wp\/v2\/pages\/40"}],"collection":[{"href":"http:\/\/heroink.pl\/in\/wp-json\/wp\/v2\/pages"}],"about":[{"href":"http:\/\/heroink.pl\/in\/wp-json\/wp\/v2\/types\/page"}],"author":[{"embeddable":true,"href":"http:\/\/heroink.pl\/in\/wp-json\/wp\/v2\/users\/1"}],"replies":[{"embeddable":true,"href":"http:\/\/heroink.pl\/in\/wp-json\/wp\/v2\/comments?post=40"}],"version-history":[{"count":2,"href":"http:\/\/heroink.pl\/in\/wp-json\/wp\/v2\/pages\/40\/revisions"}],"predecessor-version":[{"id":42,"href":"http:\/\/heroink.pl\/in\/wp-json\/wp\/v2\/pages\/40\/revisions\/42"}],"wp:featuredmedia":[{"embeddable":true,"href":"http:\/\/heroink.pl\/in\/wp-json\/wp\/v2\/media\/36"}],"wp:attachment":[{"href":"http:\/\/heroink.pl\/in\/wp-json\/wp\/v2\/media?parent=40"}],"curies":[{"name":"wp","href":"https:\/\/api.w.org\/{rel}","templated":true}]}}