{"id":22,"date":"2017-08-27T12:06:07","date_gmt":"2017-08-27T11:06:07","guid":{"rendered":"http:\/\/heroink.pl\/in\/?page_id=22"},"modified":"2017-08-27T19:13:59","modified_gmt":"2017-08-27T18:13:59","slug":"kontakt","status":"publish","type":"page","link":"http:\/\/heroink.pl\/in\/kontakt\/","title":{"rendered":"Kontakt"},"content":{"rendered":"<p><iframe loading=\"lazy\" src=\"https:\/\/maps.google.com\/maps?q=Szczeci\u0144ska 6a, Goleni\u00f3w, Polska, &amp;t=&amp;z=14&amp;ie=UTF8&amp;iwloc=&amp;output=embed\" width=\"400\" height=\"400\" frameborder=\"0\" marginwidth=\"0\" marginheight=\"0\" scrolling=\"no\"><br \/>\n<a class=\"addmaps\" href=\"http:\/\/wordpress-themes.org\" id=\"get-map-data\" mce_href=\"http:\/\/maps.google.com\/maps\/\">Szczeci\u0144ska 6a,Goleni\u00f3w, Polska, <\/a><\/p>\n<style>#gmap_canvas img{max-width:none!important;background:none!important}<\/style>\n<p><\/iframe><\/p>\n<p><span style=\"font-size: small;\"><b>Heroink Tattoo Studio<\/b><\/span><\/p>\n<p><span style=\"font-size: small;\">Ul. Szczeci\u0144ska 6a<\/span><\/p>\n<p><span style=\"font-size: small;\">72-100 Goleni\u00f3w<\/span><\/p>\n<p><span style=\"font-size: small;\">Telefon<\/span><\/p>\n<p><span style=\"font-size: small;\"><a href=\"tel:0048-660-388-399\">+48 660-388-399<\/a><\/span><\/p>\n<p><span style=\"font-size: small;\">Email:<\/span><\/p>\n<p><span style=\"font-size: small;\"><a href=\"mailto:heroinkgoleniow@gmail.com\">heroinkgoleniow@gmail.com<\/a><\/span><\/p>\n<p><span style=\"font-size: small;\">Godziny otwarcia: <\/span><\/p>\n<p><span style=\"font-size: small;\">poniedzia\u0142ek-pi\u0105tek 11.00 \u2013 17.00<\/span><\/p>\n","protected":false},"excerpt":{"rendered":"<p>Szczeci\u0144ska 6a,Goleni\u00f3w, Polska, Heroink Tattoo Studio Ul. Szczeci\u0144ska 6a 72-100 Goleni\u00f3w Telefon +48 660-388-399 Email: heroinkgoleniow@gmail.com Godziny otwarcia: poniedzia\u0142ek-pi\u0105tek 11.00 \u2013 17.00<\/p>\n","protected":false},"author":1,"featured_media":0,"parent":0,"menu_order":0,"comment_status":"closed","ping_status":"closed","template":"","meta":{"footnotes":""},"_links":{"self":[{"href":"http:\/\/heroink.pl\/in\/wp-json\/wp\/v2\/pages\/22"}],"collection":[{"href":"http:\/\/heroink.pl\/in\/wp-json\/wp\/v2\/pages"}],"about":[{"href":"http:\/\/heroink.pl\/in\/wp-json\/wp\/v2\/types\/page"}],"author":[{"embeddable":true,"href":"http:\/\/heroink.pl\/in\/wp-json\/wp\/v2\/users\/1"}],"replies":[{"embeddable":true,"href":"http:\/\/heroink.pl\/in\/wp-json\/wp\/v2\/comments?post=22"}],"version-history":[{"count":6,"href":"http:\/\/heroink.pl\/in\/wp-json\/wp\/v2\/pages\/22\/revisions"}],"predecessor-version":[{"id":39,"href":"http:\/\/heroink.pl\/in\/wp-json\/wp\/v2\/pages\/22\/revisions\/39"}],"wp:attachment":[{"href":"http:\/\/heroink.pl\/in\/wp-json\/wp\/v2\/media?parent=22"}],"curies":[{"name":"wp","href":"https:\/\/api.w.org\/{rel}","templated":true}]}}