{"id":2,"date":"2017-08-27T02:46:52","date_gmt":"2017-08-27T01:46:52","guid":{"rendered":"http:\/\/heroink.pl\/in\/?page_id=2"},"modified":"2017-08-27T19:01:13","modified_gmt":"2017-08-27T18:01:13","slug":"onas","status":"publish","type":"page","link":"http:\/\/heroink.pl\/in\/onas\/","title":{"rendered":"O Nas"},"content":{"rendered":"<h1>Heroink Tattoo <\/h1>\n<p>To projekt stworzony przez dw\u00f3ch zapalonych artyst\u00f3w tatua\u017cu. <\/p>\n","protected":false},"excerpt":{"rendered":"<p>Heroink Tattoo To projekt stworzony przez dw\u00f3ch zapalonych artyst\u00f3w tatua\u017cu.<\/p>\n","protected":false},"author":1,"featured_media":33,"parent":0,"menu_order":0,"comment_status":"closed","ping_status":"open","template":"","meta":{"footnotes":""},"_links":{"self":[{"href":"http:\/\/heroink.pl\/in\/wp-json\/wp\/v2\/pages\/2"}],"collection":[{"href":"http:\/\/heroink.pl\/in\/wp-json\/wp\/v2\/pages"}],"about":[{"href":"http:\/\/heroink.pl\/in\/wp-json\/wp\/v2\/types\/page"}],"author":[{"embeddable":true,"href":"http:\/\/heroink.pl\/in\/wp-json\/wp\/v2\/users\/1"}],"replies":[{"embeddable":true,"href":"http:\/\/heroink.pl\/in\/wp-json\/wp\/v2\/comments?post=2"}],"version-history":[{"count":3,"href":"http:\/\/heroink.pl\/in\/wp-json\/wp\/v2\/pages\/2\/revisions"}],"predecessor-version":[{"id":32,"href":"http:\/\/heroink.pl\/in\/wp-json\/wp\/v2\/pages\/2\/revisions\/32"}],"wp:featuredmedia":[{"embeddable":true,"href":"http:\/\/heroink.pl\/in\/wp-json\/wp\/v2\/media\/33"}],"wp:attachment":[{"href":"http:\/\/heroink.pl\/in\/wp-json\/wp\/v2\/media?parent=2"}],"curies":[{"name":"wp","href":"https:\/\/api.w.org\/{rel}","templated":true}]}}