{"id":15,"date":"2017-08-27T11:55:31","date_gmt":"2017-08-27T10:55:31","guid":{"rendered":"http:\/\/heroink.pl\/in\/?page_id=15"},"modified":"2017-08-27T11:59:53","modified_gmt":"2017-08-27T10:59:53","slug":"pierwszy-tatuaz","status":"publish","type":"page","link":"http:\/\/heroink.pl\/in\/pierwszy-tatuaz\/","title":{"rendered":"Pierwszy tatua\u017c"},"content":{"rendered":"<p><span style=\"font-family: Helvetica,serif;\"><span style=\"font-size: small;\">Podajemy kilka wskaz\u00f3wek, kt\u00f3re u\u0142atwi\u0105 Tobie oraz nam wsp\u00f3\u0142prac\u0119 przy pierwszym kontakcie.<\/span><\/span><\/p>\n<ol>\n<li><span style=\"font-size: small;\"><b>Wycena i dob\u00f3r odpowiedniego artysty do motywu jaki sobie wybra\u0142e\u015b, wymarzy\u0142e\u015b.<\/b><\/span><span style=\"font-size: small;\"><br \/>\nAby u\u0142atwi\u0107 przej\u015bcie przez ten etap w pierwszej kolejno\u015bci warto jak najbardziej szczeg\u00f3\u0142owo opisa\u0107 nam co chcesz. Wielko\u015b\u0107 podaj w cm, miejsce na ciele, gdzie tatua\u017c mia\u0142by si\u0119 znale\u017a\u0107, kolorystyka i stylistyka (czarno-szary, kolorowy, cieniowany, konturowy, dotwork itd.) Pomocne jest podes\u0142anie pogl\u0105dowego zdj\u0119cia lub grafiki. To wszystko u\u0142atwi nam dopasowa\u0107 Twoje oczekiwania do odpowiedniego artysty. Ka\u017cdy z naszych tatuator\u00f3w ch\u0119tnie przygotuje indywidualny, autorski projekt specjalnie dla Ciebie. Chcemy, aby ka\u017cdy tatua\u017c by\u0142 wyj\u0105tkowy i niepowtarzalny. Zawsze najlepszym rozwi\u0105zaniem jest pojawienie si\u0119 osobi\u015bcie w studiu, aby wszystko dok\u0142adnie om\u00f3wi\u0107. Wycena jest indywidualna i uzale\u017cniona od wielko\u015bci tatua\u017cu oraz stopnia trudno\u015bci w wykonaniu.<\/span><\/li>\n<li><span style=\"font-size: small;\"><b>Po ustaleniu szczeg\u00f3\u0142\u00f3w rezerwujemy termin do wybranego artysty<\/b><\/span><span style=\"font-size: small;\">.<br \/>\nPrzy rezerwacji nale\u017cy wp\u0142aci\u0107 zadatek w kwocie 30 % warto\u015bci tatua\u017cu. (mo\u017cliwo\u015b\u0107 przelewu)<\/span><\/li>\n<li><span style=\"font-size: small;\"><b>Jak najlepiej si\u0119 przygotowa\u0107 przed zrobieniem tatua\u017cu?<\/b><\/span><span style=\"font-size: small;\"><br \/>\nWarto przez 2 tygodnie przed wizyt\u0105 w studiu nie opala\u0107 miejsca, w kt\u00f3rym chcesz wykona\u0107 tatua\u017c. Nie spo\u017cywaj alkoholu przez 2 dni poprzedzaj\u0105ce zabieg. Warto tak\u017ce wydepilowa\u0107 wybrane miejsce tatua\u017cu . W studiu przed zabiegiem do wype\u0142nienia jest zgoda ( mo\u017cna pobra\u0107 PDF).\u00a0<\/span><span style=\"font-size: small;\"><b>Nieletni powy\u017cej 16 roku \u017cycia, kt\u00f3ry chc\u0105 wykona\u0107 u nas tatua\u017c<\/b><\/span><span style=\"font-size: small;\">, zobowi\u0105zani s\u0105 przed\u0142o\u017cy\u0107 pisemn\u0105 zgod\u0119 opiekuna prawnego<\/span><\/li>\n<\/ol>\n<p><a href=\"http:\/\/heroink.pl\/in\/wp-content\/uploads\/sites\/2\/2017\/08\/O\u015bwiadczenie-Heroink.pdf\">O\u015bwiadczenie<\/a><\/p>\n<p><a href=\"http:\/\/heroink.pl\/in\/wp-content\/uploads\/sites\/2\/2017\/08\/Zgoda-dla-nieletnich-Heroink.pdf\">Zgoda dla nieletnich<\/a><\/p>\n<p>&nbsp;<\/p>\n","protected":false},"excerpt":{"rendered":"<p>Podajemy kilka wskaz\u00f3wek, kt\u00f3re u\u0142atwi\u0105 Tobie oraz nam wsp\u00f3\u0142prac\u0119 przy pierwszym kontakcie. Wycena i dob\u00f3r odpowiedniego artysty do motywu jaki sobie wybra\u0142e\u015b, wymarzy\u0142e\u015b. Aby u\u0142atwi\u0107 przej\u015bcie przez ten etap w pierwszej kolejno\u015bci warto jak najbardziej szczeg\u00f3\u0142owo opisa\u0107 nam co chcesz. Wielko\u015b\u0107 podaj w cm, miejsce na ciele, gdzie tatua\u017c mia\u0142by si\u0119 znale\u017a\u0107, kolorystyka i stylistyka &hellip; <a href=\"http:\/\/heroink.pl\/in\/pierwszy-tatuaz\/\" class=\"more-link\">Czytaj dalej<span class=\"screen-reader-text\"> \u201ePierwszy tatua\u017c\u201d<\/span><\/a><\/p>\n","protected":false},"author":1,"featured_media":0,"parent":0,"menu_order":0,"comment_status":"closed","ping_status":"closed","template":"","meta":{"footnotes":""},"_links":{"self":[{"href":"http:\/\/heroink.pl\/in\/wp-json\/wp\/v2\/pages\/15"}],"collection":[{"href":"http:\/\/heroink.pl\/in\/wp-json\/wp\/v2\/pages"}],"about":[{"href":"http:\/\/heroink.pl\/in\/wp-json\/wp\/v2\/types\/page"}],"author":[{"embeddable":true,"href":"http:\/\/heroink.pl\/in\/wp-json\/wp\/v2\/users\/1"}],"replies":[{"embeddable":true,"href":"http:\/\/heroink.pl\/in\/wp-json\/wp\/v2\/comments?post=15"}],"version-history":[{"count":3,"href":"http:\/\/heroink.pl\/in\/wp-json\/wp\/v2\/pages\/15\/revisions"}],"predecessor-version":[{"id":21,"href":"http:\/\/heroink.pl\/in\/wp-json\/wp\/v2\/pages\/15\/revisions\/21"}],"wp:attachment":[{"href":"http:\/\/heroink.pl\/in\/wp-json\/wp\/v2\/media?parent=15"}],"curies":[{"name":"wp","href":"https:\/\/api.w.org\/{rel}","templated":true}]}}