{"id":13,"date":"2017-08-27T11:53:12","date_gmt":"2017-08-27T10:53:12","guid":{"rendered":"http:\/\/heroink.pl\/in\/?page_id=13"},"modified":"2017-08-27T11:57:14","modified_gmt":"2017-08-27T10:57:14","slug":"pielegnacja-tatuazu","status":"publish","type":"page","link":"http:\/\/heroink.pl\/in\/pielegnacja-tatuazu\/","title":{"rendered":"Piel\u0119gnacja tatua\u017cu"},"content":{"rendered":"<ul>\n<li>\n<p align=\"JUSTIFY\"><span style=\"font-size: small;\">Maksymalnie po up\u0142ywie trzech godzin zdj\u0105\u0107 opatrunek, ostro\u017cnie umy\u0107 tatua\u017c letni\u0105 wod\u0105 z myd\u0142em, delikatnie osuszy\u0107 i posmarowa\u0107 tatua\u017c ma\u015bci\u0105, nie zak\u0142ada\u0107 \u017cadnych dodatkowych opatrunk\u00f3w<\/span><\/p>\n<\/li>\n<li>\n<p align=\"JUSTIFY\"><span style=\"font-size: small;\">tatua\u017c powinno si\u0119 smarowa\u0107 ma\u015bci\u0105 trzy do czterech razy dziennie przez okres oko\u0142o dw\u00f3ch tygodni, a\u017c do zagojenia si\u0119 tatua\u017cu<\/span><\/p>\n<\/li>\n<li>\n<p align=\"JUSTIFY\"><span style=\"font-size: small;\">nie wolno dopu\u015bci\u0107 do nadmiernego wysychania goj\u0105cego si\u0119 tatua\u017cu<\/span><\/p>\n<\/li>\n<li>\n<p align=\"JUSTIFY\"><span style=\"font-size: small;\">nie wolno zdrapywa\u0107 pojawiaj\u0105cych si\u0119 strupk\u00f3w, gdy\u017c spowoduje to powstawanie blizn, strupki zejd\u0105 same stopniowo<\/span><\/p>\n<\/li>\n<li>\n<p align=\"JUSTIFY\"><span style=\"font-size: small;\">najwa\u017cniejsz\u0105 rzecz\u0105 jest zachowanie czysto\u015bci, aby tatua\u017c zagoi\u0142 si\u0119 prawid\u0142owo,<\/span><\/p>\n<\/li>\n<li>\n<p align=\"JUSTIFY\"><span style=\"font-size: small;\">wa\u017cne jest, aby \u015bwie\u017cy tatua\u017c nie by\u0142 poddawany na d\u0142ugotrwa\u0142e dzia\u0142anie wody, podczas k\u0105pieli nale\u017cy uwa\u017ca\u0107 aby tatua\u017c by\u0142 chroniony przed bezpo\u015brednim kontaktem z wod\u0105<\/span><\/p>\n<\/li>\n<li>\n<p align=\"JUSTIFY\"><span style=\"font-size: small;\">zabrania si\u0119 d\u0142ugich k\u0105pieli, ucz\u0119szczania na basen, korzystania z sauny i solarium przez okres oko\u0142o 1 miesi\u0105ca<\/span><\/p>\n<\/li>\n<li>\n<p align=\"JUSTIFY\"><span style=\"font-size: small;\">nie wolno wystawia\u0107 \u015bwie\u017cego tatua\u017cu na dzia\u0142anie promieni s\u0142onecznych<\/span><\/p>\n<\/li>\n<li>\n<p align=\"JUSTIFY\"><span style=\"font-size: small;\">nie wolno drapa\u0107 tatua\u017cu i pozwala\u0107, aby dotyka\u0142y go inne osoby<\/span><\/p>\n<\/li>\n<li>\n<p align=\"JUSTIFY\"><span style=\"font-size: small;\">dzie\u0144 po wykonaniu tatua\u017cu nie powinno spo\u017cywa\u0107 si\u0119 alkoholu ani \u017cadnych u\u017cywek<\/span><\/p>\n<\/li>\n<\/ul>\n","protected":false},"excerpt":{"rendered":"<p>Maksymalnie po up\u0142ywie trzech godzin zdj\u0105\u0107 opatrunek, ostro\u017cnie umy\u0107 tatua\u017c letni\u0105 wod\u0105 z myd\u0142em, delikatnie osuszy\u0107 i posmarowa\u0107 tatua\u017c ma\u015bci\u0105, nie zak\u0142ada\u0107 \u017cadnych dodatkowych opatrunk\u00f3w tatua\u017c powinno si\u0119 smarowa\u0107 ma\u015bci\u0105 trzy do czterech razy dziennie przez okres oko\u0142o dw\u00f3ch tygodni, a\u017c do zagojenia si\u0119 tatua\u017cu nie wolno dopu\u015bci\u0107 do nadmiernego wysychania goj\u0105cego si\u0119 tatua\u017cu nie &hellip; <a href=\"http:\/\/heroink.pl\/in\/pielegnacja-tatuazu\/\" class=\"more-link\">Czytaj dalej<span class=\"screen-reader-text\"> \u201ePiel\u0119gnacja tatua\u017cu\u201d<\/span><\/a><\/p>\n","protected":false},"author":1,"featured_media":0,"parent":0,"menu_order":0,"comment_status":"closed","ping_status":"closed","template":"","meta":{"footnotes":""},"_links":{"self":[{"href":"http:\/\/heroink.pl\/in\/wp-json\/wp\/v2\/pages\/13"}],"collection":[{"href":"http:\/\/heroink.pl\/in\/wp-json\/wp\/v2\/pages"}],"about":[{"href":"http:\/\/heroink.pl\/in\/wp-json\/wp\/v2\/types\/page"}],"author":[{"embeddable":true,"href":"http:\/\/heroink.pl\/in\/wp-json\/wp\/v2\/users\/1"}],"replies":[{"embeddable":true,"href":"http:\/\/heroink.pl\/in\/wp-json\/wp\/v2\/comments?post=13"}],"version-history":[{"count":2,"href":"http:\/\/heroink.pl\/in\/wp-json\/wp\/v2\/pages\/13\/revisions"}],"predecessor-version":[{"id":19,"href":"http:\/\/heroink.pl\/in\/wp-json\/wp\/v2\/pages\/13\/revisions\/19"}],"wp:attachment":[{"href":"http:\/\/heroink.pl\/in\/wp-json\/wp\/v2\/media?parent=13"}],"curies":[{"name":"wp","href":"https:\/\/api.w.org\/{rel}","templated":true}]}}