{"id":11,"date":"2017-08-27T11:52:40","date_gmt":"2017-08-27T10:52:40","guid":{"rendered":"http:\/\/heroink.pl\/in\/?page_id=11"},"modified":"2017-08-27T11:52:40","modified_gmt":"2017-08-27T10:52:40","slug":"regulamin","status":"publish","type":"page","link":"http:\/\/heroink.pl\/in\/regulamin\/","title":{"rendered":"Regulamin"},"content":{"rendered":"<p>Regulamin studia \u201dHeroink\u201d<br \/>\n1. Klient jest zobowi\u0105zany do zapoznania si\u0119 z tre\u015bci\u0105 regulaminu.<br \/>\n2. Studio wykonuje wszystkie zabiegi tylko osobom pe\u0142noletnim. Osoba niepe\u0142noletnia mo\u017ce zosta\u0107 poddana zabiegowi wy\u0142\u0105cznie za zgod\u0105 osobist\u0105 i pisemn\u0105 opiekun\u00f3w prawnych oraz w ich obecno\u015bci.<br \/>\n3. Przed przyst\u0105pieniem do zabiegu ka\u017cdy klient zobowi\u0105zany jest do wype\u0142nienia o\u015bwiadczenia: \u201eZgody na wykonanie tatua\u017cu\u201d za okazaniem dowodu to\u017csamo\u015bci.<br \/>\n4. Studio nie wykonuje zabieg\u00f3w osobom b\u0119d\u0105cym pod wp\u0142ywem alkoholu, narkotyk\u00f3w, \u015brodk\u00f3w psychoaktywnych i odurzaj\u0105cych.<br \/>\n5. Studio zapewnia sterylno\u015b\u0107 u\u017cywanych do zabiegu narz\u0119dzi i materia\u0142\u00f3w.<br \/>\n6. W studio obowi\u0105zuje bezwzgl\u0119dny zakaz dotykania przedmiot\u00f3w s\u0142u\u017c\u0105cych do wykonywania tatua\u017cu. Nie przestrzeganie zalece\u0144 grozi utrat\u0105 zdrowia.<br \/>\n7. Cena ka\u017cdego wzoru ustalana jest indywidualnie i zale\u017cy od wielko\u015bci oraz stopnia skomplikowania projektu.<br \/>\n8. Przed odbyciem zabiegu osoba zainteresowana zobowi\u0105zana jest do wp\u0142aty zadatku celem rezerwacji dogodnego terminu oraz przygotowania projektu tatua\u017cu. Koszt tatua\u017cu po jego wykonaniu uwzgl\u0119dnia wp\u0142acony uprzednio zadatek. Wp\u0142ata zadatku jest r\u00f3wnoznaczna z akceptacj\u0105 regulaminu studia.<br \/>\n9. Studio nie ponosi odpowiedzialno\u015bci za nieprzestrzeganie zasad piel\u0119gnacji podczas procesu gojenia tatua\u017cu.<br \/>\n10. Studio nie ponosi odpowiedzialno\u015bci za spos\u00f3b zachowania si\u0119 barwnik\u00f3w na ciele ze wzgl\u0119du na szeroko poj\u0119ty proces gojenia si\u0119 cia\u0142a.<br \/>\n11. Studio udziela wszelkich informacji na temat gojenia si\u0119 i piel\u0119gnacji tatua\u017cu.<br \/>\n12. Studio zastrzega sobie prawo do odmowy wykonania zabiegu bez podania przyczyny co wi\u0105\u017ce si\u0119 ze zwrotem zadatku.<br \/>\n13. Zadatek na termin jest bezzwrotny.<\/p>\n","protected":false},"excerpt":{"rendered":"<p>Regulamin studia \u201dHeroink\u201d 1. Klient jest zobowi\u0105zany do zapoznania si\u0119 z tre\u015bci\u0105 regulaminu. 2. Studio wykonuje wszystkie zabiegi tylko osobom pe\u0142noletnim. Osoba niepe\u0142noletnia mo\u017ce zosta\u0107 poddana zabiegowi wy\u0142\u0105cznie za zgod\u0105 osobist\u0105 i pisemn\u0105 opiekun\u00f3w prawnych oraz w ich obecno\u015bci. 3. Przed przyst\u0105pieniem do zabiegu ka\u017cdy klient zobowi\u0105zany jest do wype\u0142nienia o\u015bwiadczenia: \u201eZgody na wykonanie tatua\u017cu\u201d &hellip; <a href=\"http:\/\/heroink.pl\/in\/regulamin\/\" class=\"more-link\">Czytaj dalej<span class=\"screen-reader-text\"> \u201eRegulamin\u201d<\/span><\/a><\/p>\n","protected":false},"author":1,"featured_media":0,"parent":0,"menu_order":0,"comment_status":"closed","ping_status":"closed","template":"","meta":{"footnotes":""},"_links":{"self":[{"href":"http:\/\/heroink.pl\/in\/wp-json\/wp\/v2\/pages\/11"}],"collection":[{"href":"http:\/\/heroink.pl\/in\/wp-json\/wp\/v2\/pages"}],"about":[{"href":"http:\/\/heroink.pl\/in\/wp-json\/wp\/v2\/types\/page"}],"author":[{"embeddable":true,"href":"http:\/\/heroink.pl\/in\/wp-json\/wp\/v2\/users\/1"}],"replies":[{"embeddable":true,"href":"http:\/\/heroink.pl\/in\/wp-json\/wp\/v2\/comments?post=11"}],"version-history":[{"count":1,"href":"http:\/\/heroink.pl\/in\/wp-json\/wp\/v2\/pages\/11\/revisions"}],"predecessor-version":[{"id":12,"href":"http:\/\/heroink.pl\/in\/wp-json\/wp\/v2\/pages\/11\/revisions\/12"}],"wp:attachment":[{"href":"http:\/\/heroink.pl\/in\/wp-json\/wp\/v2\/media?parent=11"}],"curies":[{"name":"wp","href":"https:\/\/api.w.org\/{rel}","templated":true}]}}